{"id":9564,"date":"2021-04-26T12:06:46","date_gmt":"2021-04-26T09:06:46","guid":{"rendered":"http:\/\/www.cinkanlar.com\/?page_id=9564"},"modified":"2022-01-31T17:55:01","modified_gmt":"2022-01-31T14:55:01","slug":"grup-sirketlerimiz","status":"publish","type":"page","link":"http:\/\/www.cinkanlar.com\/en\/grup-sirketlerimiz\/","title":{"rendered":"Affiliated Companies"},"content":{"rendered":"<p>[vc_row css=&#8221;.vc_custom_1558595409249{background-image: url(http:\/\/ninzio.com\/bauer\/wp-content\/uploads\/2019\/05\/section-bg1-1.png?id=7977) !important;background-position: center !important;background-repeat: no-repeat !important;background-size: cover !important;}&#8221; el_id=&#8221;first-row&#8221;][vc_column]\r\n\t<div class=\"bauer-spacer clearfix\" data-desktop=\"94\" data-mobi=\"60\" data-smobi=\"60\"><\/div>[vc_row_inner][vc_column_inner width=&#8221;1\/4&#8243;][vc_single_image image=&#8221;9630&#8243; style=&#8221;vc_box_shadow_3d&#8221;][\/vc_column_inner][vc_column_inner width=&#8221;3\/4&#8243;][vc_custom_heading text=&#8221;GRUP BOYA VE K\u0130MYA SAN. T\u0130C. A.\u015e.&#8221; font_container=&#8221;tag:h6|text_align:left&#8221; use_theme_fonts=&#8221;yes&#8221;][vc_column_text]GRUP BOYA K\u0130MYA SAN.T\u0130C. A.\u015e. has the same base location, but a different organizational setup and new technology. It is involved in recycling of waste solvents, paints, powder paints &amp; paint sludge.[\/vc_column_text][\/vc_column_inner][\/vc_row_inner][vc_separator border_width=&#8221;2&#8243; css=&#8221;.vc_custom_1619428512031{margin-top: 20px !important;margin-bottom: 20px !important;}&#8221;][vc_row_inner][vc_column_inner width=&#8221;1\/4&#8243;][vc_single_image image=&#8221;9571&#8243; style=&#8221;vc_box_shadow_3d&#8221;][\/vc_column_inner][vc_column_inner width=&#8221;3\/4&#8243;][vc_custom_heading text=&#8221;PAGEM GER\u0130 KAZANIM SANAY\u0130 VE T\u0130CARET&#8221; font_container=&#8221;tag:h6|text_align:left&#8221; use_theme_fonts=&#8221;yes&#8221;][vc_column_text]Pagem GER\u0130 KAZANIM, established in 2007, is a recycling company; collecting, sorting and recycling of contaminated packaging &amp; nonhazardous packaging such as;<\/p>\n<p>-Glass, -Plastic, -Metal, -Nonhazardous waste, -IBC, -Drums, -Barrels, -Cables&#8230;[\/vc_column_text][\/vc_column_inner][\/vc_row_inner][vc_separator border_width=&#8221;2&#8243; css=&#8221;.vc_custom_1619428512031{margin-top: 20px !important;margin-bottom: 20px !important;}&#8221;][vc_row_inner][vc_column_inner width=&#8221;1\/4&#8243;][vc_single_image image=&#8221;9570&#8243; style=&#8221;vc_box_shadow_3d&#8221;][\/vc_column_inner][vc_column_inner width=&#8221;3\/4&#8243;][vc_custom_heading text=&#8221;PPC BOYA K\u0130MYA SAN. VE T\u0130C. A.\u015e.&#8221; font_container=&#8221;tag:h6|text_align:left&#8221; use_theme_fonts=&#8221;yes&#8221;][vc_column_text]PPC Boya has been established in 2014 to produce electrostatic powder paint with various ingredients such as epoxy, polyester &amp; acrylic. This high quality powder paint is mainly used in Metal, Electrical, Furniture, Steel &amp; Conditioning industries.[\/vc_column_text][\/vc_column_inner][\/vc_row_inner][vc_separator border_width=&#8221;2&#8243; css=&#8221;.vc_custom_1619428512031{margin-top: 20px !important;margin-bottom: 20px !important;}&#8221;]\r\n\t<div class=\"bauer-spacer clearfix\" data-desktop=\"14\" data-mobi=\"10\" data-smobi=\"10\"><\/div>\r\n\t<div class=\"bauer-spacer clearfix\" data-desktop=\"200\" data-mobi=\"160\" data-smobi=\"160\"><\/div>[\/vc_column][\/vc_row][vc_row css=&#8221;.vc_custom_1578560778083{background: #f7f9fa url(http:\/\/ninzio.com\/bauer\/wp-content\/uploads\/2019\/05\/com-bg-3.png?id=8899) !important;background-position: center !important;background-repeat: no-repeat !important;background-size: cover !important;}&#8221;][vc_column]<div class=\"bauer-content-box clearfix \" data-padding=\"55px 50px 50px 50px\" data-mobipadding=\"55px 50px 50px 50px\" data-margin=\"-100px 0px 0px 0px\" data-mobimargin=\"-100px 0px 0px 0px\" >\r\n\t\t<div class=\"inner ctb-206800435\" style=\"background:url(http:\/\/www.cinkanlar.com\/wp-content\/uploads\/2019\/05\/counters-bg.jpg) center center no-repeat;background-size:cover;\"  data-background=\"\" data-rounded=\"5px\">\r\n\t\t\t<div class=\"bauer-grid-box clearfix grid4 border-dark v-30 h-15 no-border-wrap\" data-grid=\"4\" >\r\n\t\t<div class=\"bauer-counter clearfix style-2 \" ><div class=\"inner\"><div class=\"left-wrap\" style=\"width:43%\"><div class=\"icon  accent\" style=\"font-size:50px; line-height: normal;line-height:40px;margin-right:20px;\"><i class=\"bauerico-plan\"><\/i><\/div><\/div><div class=\"right-wrap\" style=\"width:57%\"><h3 class=\"number-wrap\" style=\"color:#ffffff;font-weight:400;font-size:42px;\"><span class=\"prefix \" style=\"\"><\/span><span class=\"number \" data-speed=\"2000\" data-from=\"0\" data-to=\"1000\"> 1000<\/span><span class=\"suffix \" style=\"\">+<\/span><\/h3><\/div><\/div><h5 class=\"heading\" style=\"color:#ffffff;font-size:18px;margin-top:10px;\">\r\n\t\tCompleted Projects\r\n\t<\/h5><\/div><div class=\"bauer-counter clearfix style-2 \" ><div class=\"inner\"><div class=\"left-wrap\" style=\"width:43%\"><div class=\"icon  accent\" style=\"font-size:50px; line-height: normal;line-height:40px;margin-right:20px;\"><i class=\"bauerico-helmet\"><\/i><\/div><\/div><div class=\"right-wrap\" style=\"width:57%\"><h3 class=\"number-wrap\" style=\"color:#ffffff;font-weight:400;font-size:42px;\"><span class=\"prefix \" style=\"\"><\/span><span class=\"number \" data-speed=\"2000\" data-from=\"0\" data-to=\"10\"> 10<\/span><span class=\"suffix \" style=\"\">+<\/span><\/h3><\/div><\/div><h5 class=\"heading\" style=\"color:#ffffff;font-size:18px;margin-top:10px;\">\r\n\t\tTeam\r\n\t<\/h5><\/div><div class=\"bauer-counter clearfix style-2 \" ><div class=\"inner\"><div class=\"left-wrap\" style=\"width:43%\"><div class=\"icon  accent\" style=\"font-size:50px; line-height: normal;line-height:40px;margin-right:20px;\"><i class=\"bauerico-ruler\"><\/i><\/div><\/div><div class=\"right-wrap\" style=\"width:57%\"><h3 class=\"number-wrap\" style=\"color:#ffffff;font-weight:400;font-size:42px;\"><span class=\"prefix \" style=\"\"><\/span><span class=\"number \" data-speed=\"2000\" data-from=\"0\" data-to=\"500\"> 500<\/span><span class=\"suffix \" style=\"color:#ffffff;\">+<\/span><\/h3><\/div><\/div><h5 class=\"heading\" style=\"color:#ffffff;font-size:18px;margin-top:10px;\">\r\n\t\tProducts\r\n\t<\/h5><\/div><div class=\"bauer-counter clearfix style-2 \" ><div class=\"inner\"><div class=\"left-wrap\" style=\"width:43%\"><div class=\"icon  accent\" style=\"font-size:50px; line-height: normal;line-height:40px;margin-right:20px;\"><i class=\"bauerico-building\"><\/i><\/div><\/div><div class=\"right-wrap\" style=\"width:57%\"><h3 class=\"number-wrap\" style=\"color:#ffffff;font-weight:400;font-size:42px;\"><span class=\"prefix \" style=\"\"><\/span><span class=\"number \" data-speed=\"2000\" data-from=\"0\" data-to=\"30\"> 30<\/span><span class=\"suffix \" style=\"color:#ffffff;\">+<\/span><\/h3><\/div><\/div><h5 class=\"heading\" style=\"color:#ffffff;font-size:18px;margin-top:10px;\">\r\n\t\tPartners\r\n\t<\/h5><\/div>\n\r\n\t<\/div>\r\n\t\t<\/div>\r\n\t<\/div>[\/vc_column][\/vc_row]<\/p>","protected":false},"excerpt":{"rendered":"<p>[vc_row css=&#8221;.vc_custom_1558595409249{background-image: url(http:\/\/ninzio.com\/bauer\/wp-content\/uploads\/2019\/05\/section-bg1-1.png?id=7977) !important;background-position: center !important;background-repeat: no-repeat !important;background-size: cover !important;}&#8221; el_id=&#8221;first-row&#8221;][vc_column][vc_row_inner][vc_column_inner width=&#8221;1\/4&#8243;][vc_single_image image=&#8221;9630&#8243; style=&#8221;vc_box_shadow_3d&#8221;][\/vc_column_inner][vc_column_inner width=&#8221;3\/4&#8243;][vc_custom_heading text=&#8221;GRUP BOYA VE K\u0130MYA SAN.<\/p>\n","protected":false},"author":1,"featured_media":0,"parent":0,"menu_order":0,"comment_status":"closed","ping_status":"closed","template":"","meta":[],"_links":{"self":[{"href":"http:\/\/www.cinkanlar.com\/en\/wp-json\/wp\/v2\/pages\/9564"}],"collection":[{"href":"http:\/\/www.cinkanlar.com\/en\/wp-json\/wp\/v2\/pages"}],"about":[{"href":"http:\/\/www.cinkanlar.com\/en\/wp-json\/wp\/v2\/types\/page"}],"author":[{"embeddable":true,"href":"http:\/\/www.cinkanlar.com\/en\/wp-json\/wp\/v2\/users\/1"}],"replies":[{"embeddable":true,"href":"http:\/\/www.cinkanlar.com\/en\/wp-json\/wp\/v2\/comments?post=9564"}],"version-history":[{"count":11,"href":"http:\/\/www.cinkanlar.com\/en\/wp-json\/wp\/v2\/pages\/9564\/revisions"}],"predecessor-version":[{"id":9664,"href":"http:\/\/www.cinkanlar.com\/en\/wp-json\/wp\/v2\/pages\/9564\/revisions\/9664"}],"wp:attachment":[{"href":"http:\/\/www.cinkanlar.com\/en\/wp-json\/wp\/v2\/media?parent=9564"}],"curies":[{"name":"wp","href":"https:\/\/api.w.org\/{rel}","templated":true}]}}