{"id":2288,"date":"2017-12-07T02:25:11","date_gmt":"2017-12-07T02:25:11","guid":{"rendered":"http:\/\/ninzio.com\/bauer\/?page_id=2288"},"modified":"2021-06-22T16:53:43","modified_gmt":"2021-06-22T13:53:43","slug":"urunlerimiz","status":"publish","type":"page","link":"http:\/\/www.cinkanlar.com\/en\/urunlerimiz\/","title":{"rendered":"Our Products"},"content":{"rendered":"<p>[vc_row css=&#8221;.vc_custom_1578561030203{margin-top: -30px !important;background-color: #f7f9fa !important;background-position: center !important;background-repeat: no-repeat !important;background-size: cover !important;}&#8221;][vc_column]\r\n\t<div class=\"bauer-spacer clearfix\" data-desktop=\"30\" data-mobi=\"30\" data-smobi=\"30\"><\/div>[vc_row_inner][vc_column_inner width=&#8221;2\/3&#8243;]<div class=\"bauer-single-heading clearfix \" style=\"margin-bottom:25px;\"><span class=\"inner\"><span class=\"heading clearfix \" style=\"font-weight:600;color:#777777;font-size:16px;\">\r\n\t\t\u00c7\u0130NKANLAR K\u0130MYA\r\n\t<\/span><\/span><\/div><h2 class=\"bauer-text clearfix \" style=\"font-size:42px;line-height:50px;color:#030f27;\"><p><span class=\"font-weight-300\">We bring you<\/span> quality and <span class=\"font-weight-300\">\u00fcr\u00fcnleri<\/span> durable products.<\/p>\n<\/h2>[\/vc_column_inner][vc_column_inner width=&#8221;1\/3&#8243;]\r\n\t<div class=\"bauer-spacer clearfix\" data-desktop=\"80\" data-mobi=\"30\" data-smobi=\"30\"><\/div><div class=\"bauer-align-box text-right\"><div class=\"button-wrap icon-right\" style=\"\" ><a href=\"http:\/\/www.cinkanlar.com\/bize-ulasin\/\" target=\"_self\" class=\"bauer-button btn-1617796717 medium icon_style_1 custom outline solid custom\" style=\"border-width:1px;\"  data-background=\"\" data-border=\"\">\r\n\t\t<span style=\"\">Get Offer! <\/span>\r\n\t<\/a><\/div><\/div>[\/vc_column_inner][\/vc_row_inner]\r\n\t<div class=\"bauer-spacer clearfix\" data-desktop=\"30\" data-mobi=\"30\" data-smobi=\"30\"><\/div>[vc_single_image image=&#8221;9561&#8243;]\r\n\t<div class=\"bauer-spacer clearfix\" data-desktop=\"30\" data-mobi=\"30\" data-smobi=\"30\"><\/div>[vc_row_inner][vc_column_inner width=&#8221;1\/3&#8243;][vc_column_text]<strong style=\"color: #005caa;\"> MONOMERS <\/strong><\/p>\n<ul>\n<li>VINYL ACETATE MONOMER<\/li>\n<li>STYRENE MONOMER<\/li>\n<li>BUTYL ACRYLATE MONOMER<\/li>\n<li>ETHYL ACRYLATE MONOMER<\/li>\n<\/ul>\n<p><strong style=\"color: #005caa;\"> POLYMERS <\/strong><\/p>\n<ul>\n<li>PVC (Polyvinyl Chloride)<\/li>\n<li>PVA (Polyvinyl Acetate)<\/li>\n<li>PVA (Polyvinyl Alcohol)<\/li>\n<li>SBS (Styrene Butadiene Styrene)<\/li>\n<\/ul>\n<p><strong style=\"color: #005caa;\"> HYDROCARBONS <\/strong><\/p>\n<ul>\n<li>HEXANE<\/li>\n<li>HEPTANE<\/li>\n<li>TOLUENE<\/li>\n<li>XYLENE<\/li>\n<\/ul>\n<p><strong style=\"color: #005caa;\"> ALCOHOLS <\/strong><\/p>\n<ul>\n<li>METHYL ALCOHOL (Methanol)<\/li>\n<li>ETHYL ALCOHOL (Ethanol 96 \/ 99.5)<\/li>\n<li>N-PROPYL ALCOHOL<\/li>\n<li>ISO PROPYL ALCOHOL<\/li>\n<li>N-BUTYL ALCOHOL<\/li>\n<li>ISO BUTYL ALCOHOL<\/li>\n<li>2 ETHYL HEXANOL<\/li>\n<li>POLYVINYL ALCOHOL (PVA-Styrene-Vinyl)<\/li>\n<\/ul>\n<p><strong style=\"color: #005caa;\"> AMINS <\/strong><\/p>\n<ul>\n<li>MONO ETHANOL AMINE<\/li>\n<li>DI ETHANOL AMINE<\/li>\n<li>TRI ETHANOL AMINE<\/li>\n<li>DI ETHYL AMINE<\/li>\n<li>TRI ETHYL AMINE<\/li>\n<\/ul>\n<p><strong style=\"color: #005caa;\"> ETHYLENE &amp; amp; PROPYLENE GLYCOLS <\/strong><\/p>\n<ul>\n<li>MONO ETHYLENE GLYCOL (MEG)<\/li>\n<li>DIETHYLENE GLYCOL (DEG)<\/li>\n<li>TRI ETHYLENE GLYCOL (TEG)<\/li>\n<li>MONO PROPYLENE GLYCOL (MPG)<\/li>\n<li>PEG (Polyethylene Glycols 200\/400\/600)<\/li>\n<\/ul>\n<p>[\/vc_column_text][\/vc_column_inner][vc_column_inner width=&#8221;1\/3&#8243;][vc_column_text]<strong style=\"color: #005caa;\"> KETONES <\/strong><\/p>\n<ul>\n<li>ACETONE<\/li>\n<li>METHYL ETHYL KETONE (MEK)<\/li>\n<li>METHYL ISOBUTYL KETONE (MIBK)<\/li>\n<li>CYCLOHEXANONE<\/li>\n<\/ul>\n<p><strong style=\"color: #005caa;\"> ESTERS <\/strong><\/p>\n<ul>\n<li>METHYL ACETATE<\/li>\n<li>ETHYL ACETATE<\/li>\n<li>PROPYL ACETATE<\/li>\n<li>BUTYL ACETATE<\/li>\n<li>ISO BUTYL ACETATE<\/li>\n<\/ul>\n<p><strong style=\"color: #005caa;\"> CHLORINATED SOLVENTS <\/strong><\/p>\n<ul>\n<li>METHYLENE CHLORIDE<\/li>\n<li>PER CHLOR ETHYLENE<\/li>\n<li>TRI CHLOR ETHYLENE<\/li>\n<\/ul>\n<p><strong style=\"color: #005caa;\"> THINNERS <\/strong><\/p>\n<ul>\n<li>CELLULOSIC THINNER<\/li>\n<li>SYNTHETIC THINNER<\/li>\n<li>ACRYLIC THINNER<\/li>\n<li>UNIVERSAL THINNER<\/li>\n<\/ul>\n<p><strong style=\"color: #005caa;\"> OILS <\/strong><\/p>\n<ul>\n<li>GEAR OIL<\/li>\n<li>MOLD RELEASE OILS<\/li>\n<li>INSULATION LINER<\/li>\n<\/ul>\n<p><strong style=\"color: #005caa;\"> DETERGENT CHEMICALS <\/strong><\/p>\n<ul>\n<li>LABSA (Linear Alkyl Benzene Sulfuric Acid)<\/li>\n<li>SLES (Sodium Lauryl Ether Sulphate)<\/li>\n<li>BETAIN (35% &#8211; 45%)<\/li>\n<li>D.T.A. (Ethylenediamine Tetraacetic Acid)<\/li>\n<li>UREA<\/li>\n<li>CAUSTIC SODA<\/li>\n<\/ul>\n<p><strong style=\"color: #005caa;\"> SURFACE ACTIVES <\/strong><\/p>\n<ul>\n<li>NP-10 (Nonylphenols)<\/li>\n<li>COMPERLAN KD<\/li>\n<li>HEDP (Hydroxy Ethylidene Di Phosphonic Acid)<\/li>\n<li>FORMALDEHYDE<\/li>\n<\/ul>\n<p>[\/vc_column_text][\/vc_column_inner][vc_column_inner width=&#8221;1\/3&#8243;][vc_column_text]<strong style=\"color: #005caa;\"> ACIDS <\/strong><\/p>\n<ul>\n<li>HYDROCHLORIC ACID (Salt Spirit)<\/li>\n<li>NITRIC ACID (Kezzap)<\/li>\n<li>SULFIRIC ACID<\/li>\n<li>PHOSPHORIC ACID<\/li>\n<li>CITRIC ACID (Monohydrate)<\/li>\n<li>SODIUM HYPOCLORIDE<\/li>\n<\/ul>\n<p><strong style=\"color: #005caa;\"> ADDITIVES <\/strong><\/p>\n<ul>\n<li>SODIUM META SILICATE<\/li>\n<li>SODIUM SILICATE<\/li>\n<li>SODIUM TRI POLY PHOSPHATE<\/li>\n<li>SODIUM HEXA META PHOSPHATE<\/li>\n<li>SODIUM CARBONATE<\/li>\n<li>SODIUM BI CARBONATE (Food Grade)<\/li>\n<li>MAGNESIUM SULPHATE<\/li>\n<li>LIQUID RUBBER<\/li>\n<li>TRI ETHANOL AMINE<\/li>\n<\/ul>\n<p><strong style=\"color: #005caa;\"> THICKENERS <\/strong><\/p>\n<ul>\n<li>BERMOCOLL (30.000)<\/li>\n<li>HYDROXY ETHYL CELLULOSE (30.000)<\/li>\n<li>STYRENE ACRYLIC COPOLYMER<\/li>\n<li>PEG 200 (Poly Ethylene Glycol)<\/li>\n<li>PEG 400 (Poly Ethylene Glycol)<\/li>\n<li>MEG (Mono Ethylene Glycol)<\/li>\n<\/ul>\n<p><strong style=\"color: #005caa;\"> ALCOHOLS <\/strong><\/p>\n<ul>\n<li>LEATHER CHEMICAL<\/li>\n<li>ETHYL ALCOHOL (96% -99%)<\/li>\n<li>\u0130.P.A (Iso Propyl Alcohol)<\/li>\n<li>ISO BUTANOL (Iso Butyl Alcohol)<\/li>\n<li>BUTYL GLYCOL<\/li>\n<li>BUTYL DI GLYCOL<\/li>\n<li>ETHYL GLYCOL<\/li>\n<\/ul>\n<p>[\/vc_column_text][\/vc_column_inner][\/vc_row_inner]\r\n\t<div class=\"bauer-spacer clearfix\" data-desktop=\"40\" data-mobi=\"40\" data-smobi=\"40\"><\/div>[vc_row_inner disable_element=&#8221;yes&#8221;][vc_column_inner width=&#8221;1\/4&#8243;]<div class=\"bauer-content-box clearfix \" data-padding=\"17px 15px 17px 15px\" data-mobipadding=\"17px 15px 17px 15px\" data-margin=\"\" data-mobimargin=\"\" >\r\n\t\t<div class=\"inner ctb-1814139741\" style=\"\"  data-background=\"#ffffff\" data-shadow-hover=\" 0px 0px 20px 0px rgba(0,0,0,0.07)\">\r\n\t\t\t<div class=\"bauer-image-box clearfix style-1 text-center\" style=\"\" >\r\n        <div class=\"item\">\r\n            <div class=\"inner\">\r\n                <div class=\"thumb\" style=\"\"><img width=\"450\" height=\"464\" src=\"http:\/\/www.cinkanlar.com\/wp-content\/uploads\/2021\/04\/solvent.jpg\" class=\"attachment-full size-full\" alt=\"\" loading=\"lazy\" srcset=\"http:\/\/www.cinkanlar.com\/wp-content\/uploads\/2021\/04\/solvent.jpg 450w, http:\/\/www.cinkanlar.com\/wp-content\/uploads\/2021\/04\/solvent-291x300.jpg 291w\" sizes=\"(max-width: 450px) 100vw, 450px\" \/> <div class=\"hover-layer\"><a href=\"#\" class=\"icon\"><span class=\"elegant-icon_plus_alt\"><\/span><\/a><\/div><\/div>\r\n                <div class=\"text-wrap \" style=\" padding:30px 30px 12px;\">\r\n                    <h3 class=\"title\" style=\"font-size:18px;color:#414042;\">\r\n            <a href=\"#\">\r\n                SOLVENTLER\r\n            <\/a>\r\n        <\/h3>  \r\n                <\/div>\r\n                \r\n            <\/div>\r\n        <\/div>\r\n    <\/div>\r\n\t\t<\/div>\r\n\t<\/div>\r\n\t<div class=\"bauer-spacer clearfix\" data-desktop=\"30\" data-mobi=\"30\" data-smobi=\"30\"><\/div>\r\n\t<div class=\"bauer-spacer clearfix\" data-desktop=\"0\" data-mobi=\"30\" data-smobi=\"30\"><\/div>[\/vc_column_inner][vc_column_inner width=&#8221;1\/4&#8243;]<div class=\"bauer-content-box clearfix \" data-padding=\"17px 15px 17px 15px\" data-mobipadding=\"17px 15px 17px 15px\" data-margin=\"\" data-mobimargin=\"\" >\r\n\t\t<div class=\"inner ctb-1204065392\" style=\"\"  data-background=\"#ffffff\" data-shadow-hover=\" 0px 0px 20px 0px rgba(0,0,0,0.07)\">\r\n\t\t\t<div class=\"bauer-image-box clearfix style-1 text-center\" style=\"\" >\r\n        <div class=\"item\">\r\n            <div class=\"inner\">\r\n                <div class=\"thumb\" style=\"\"><img width=\"450\" height=\"464\" src=\"http:\/\/www.cinkanlar.com\/wp-content\/uploads\/2021\/04\/yaglar-1.jpg\" class=\"attachment-full size-full\" alt=\"\" loading=\"lazy\" srcset=\"http:\/\/www.cinkanlar.com\/wp-content\/uploads\/2021\/04\/yaglar-1.jpg 450w, http:\/\/www.cinkanlar.com\/wp-content\/uploads\/2021\/04\/yaglar-1-291x300.jpg 291w\" sizes=\"(max-width: 450px) 100vw, 450px\" \/> <div class=\"hover-layer\"><a href=\"#\" class=\"icon\"><span class=\"elegant-icon_plus_alt\"><\/span><\/a><\/div><\/div>\r\n                <div class=\"text-wrap \" style=\" padding:30px 30px 12px;\">\r\n                    <h3 class=\"title\" style=\"font-size:18px;color:#414042;\">\r\n            <a href=\"#\">\r\n                YA\u011eLAR\r\n            <\/a>\r\n        <\/h3>  \r\n                <\/div>\r\n                \r\n            <\/div>\r\n        <\/div>\r\n    <\/div>\r\n\t\t<\/div>\r\n\t<\/div>\r\n\t<div class=\"bauer-spacer clearfix\" data-desktop=\"30\" data-mobi=\"30\" data-smobi=\"30\"><\/div>\r\n\t<div class=\"bauer-spacer clearfix\" data-desktop=\"0\" data-mobi=\"30\" data-smobi=\"30\"><\/div>[\/vc_column_inner][vc_column_inner width=&#8221;1\/4&#8243;]<div class=\"bauer-content-box clearfix \" data-padding=\"17px 15px 17px 15px\" data-mobipadding=\"17px 15px 17px 15px\" data-margin=\"\" data-mobimargin=\"\" >\r\n\t\t<div class=\"inner ctb-636980486\" style=\"\"  data-background=\"#ffffff\" data-shadow-hover=\" 0px 0px 20px 0px rgba(0,0,0,0.07)\">\r\n\t\t\t<div class=\"bauer-image-box clearfix style-1 text-center\" style=\"\" >\r\n        <div class=\"item\">\r\n            <div class=\"inner\">\r\n                <div class=\"thumb\" style=\"\"><img width=\"450\" height=\"464\" src=\"http:\/\/www.cinkanlar.com\/wp-content\/uploads\/2021\/04\/boyalar.jpg\" class=\"attachment-full size-full\" alt=\"\" loading=\"lazy\" srcset=\"http:\/\/www.cinkanlar.com\/wp-content\/uploads\/2021\/04\/boyalar.jpg 450w, http:\/\/www.cinkanlar.com\/wp-content\/uploads\/2021\/04\/boyalar-291x300.jpg 291w\" sizes=\"(max-width: 450px) 100vw, 450px\" \/> <div class=\"hover-layer\"><a href=\"#\" class=\"icon\"><span class=\"elegant-icon_plus_alt\"><\/span><\/a><\/div><\/div>\r\n                <div class=\"text-wrap \" style=\" padding:30px 30px 12px;\">\r\n                    <h3 class=\"title\" style=\"font-size:18px;color:#414042;\">\r\n            <a href=\"#\">\r\n                BOYALAR\r\n            <\/a>\r\n        <\/h3>  \r\n                <\/div>\r\n                \r\n            <\/div>\r\n        <\/div>\r\n    <\/div>\r\n\t\t<\/div>\r\n\t<\/div>\r\n\t<div class=\"bauer-spacer clearfix\" data-desktop=\"30\" data-mobi=\"30\" data-smobi=\"30\"><\/div>[\/vc_column_inner][vc_column_inner width=&#8221;1\/4&#8243;]<div class=\"bauer-content-box clearfix \" data-padding=\"17px 15px 17px 15px\" data-mobipadding=\"17px 15px 17px 15px\" data-margin=\"\" data-mobimargin=\"\" >\r\n\t\t<div class=\"inner ctb-1377701032\" style=\"\"  data-background=\"#ffffff\" data-shadow-hover=\" 0px 0px 20px 0px rgba(0,0,0,0.07)\">\r\n\t\t\t<div class=\"bauer-image-box clearfix style-1 text-center\" style=\"\" >\r\n        <div class=\"item\">\r\n            <div class=\"inner\">\r\n                <div class=\"thumb\" style=\"\"><img width=\"450\" height=\"464\" src=\"http:\/\/www.cinkanlar.com\/wp-content\/uploads\/2021\/04\/ambalajlar.jpg\" class=\"attachment-full size-full\" alt=\"\" loading=\"lazy\" srcset=\"http:\/\/www.cinkanlar.com\/wp-content\/uploads\/2021\/04\/ambalajlar.jpg 450w, http:\/\/www.cinkanlar.com\/wp-content\/uploads\/2021\/04\/ambalajlar-291x300.jpg 291w\" sizes=\"(max-width: 450px) 100vw, 450px\" \/> <div class=\"hover-layer\"><a href=\"#\" class=\"icon\"><span class=\"elegant-icon_plus_alt\"><\/span><\/a><\/div><\/div>\r\n                <div class=\"text-wrap \" style=\" padding:30px 30px 12px;\">\r\n                    <h3 class=\"title\" style=\"font-size:18px;color:#414042;\">\r\n            <a href=\"#\">\r\n                AMBALAJLAR\r\n            <\/a>\r\n        <\/h3>  \r\n                <\/div>\r\n                \r\n            <\/div>\r\n        <\/div>\r\n    <\/div>\r\n\t\t<\/div>\r\n\t<\/div>[\/vc_column_inner][\/vc_row_inner]\r\n\t<div class=\"bauer-spacer clearfix\" data-desktop=\"30\" data-mobi=\"30\" data-smobi=\"30\"><\/div>[\/vc_column][\/vc_row]<\/p>","protected":false},"excerpt":{"rendered":"<p>[vc_row css=&#8221;.vc_custom_1578561030203{margin-top: -30px !important;background-color: #f7f9fa !important;background-position: center !important;background-repeat: no-repeat !important;background-size: cover !important;}&#8221;][vc_column][vc_row_inner][vc_column_inner width=&#8221;2\/3&#8243;][\/vc_column_inner][vc_column_inner width=&#8221;1\/3&#8243;][\/vc_column_inner][\/vc_row_inner][vc_single_image image=&#8221;9561&#8243;][vc_row_inner][vc_column_inner width=&#8221;1\/3&#8243;][vc_column_text] MONOMERS VINYL ACETATE MONOMER<\/p>\n","protected":false},"author":1,"featured_media":0,"parent":0,"menu_order":0,"comment_status":"closed","ping_status":"closed","template":"","meta":[],"_links":{"self":[{"href":"http:\/\/www.cinkanlar.com\/en\/wp-json\/wp\/v2\/pages\/2288"}],"collection":[{"href":"http:\/\/www.cinkanlar.com\/en\/wp-json\/wp\/v2\/pages"}],"about":[{"href":"http:\/\/www.cinkanlar.com\/en\/wp-json\/wp\/v2\/types\/page"}],"author":[{"embeddable":true,"href":"http:\/\/www.cinkanlar.com\/en\/wp-json\/wp\/v2\/users\/1"}],"replies":[{"embeddable":true,"href":"http:\/\/www.cinkanlar.com\/en\/wp-json\/wp\/v2\/comments?post=2288"}],"version-history":[{"count":17,"href":"http:\/\/www.cinkanlar.com\/en\/wp-json\/wp\/v2\/pages\/2288\/revisions"}],"predecessor-version":[{"id":9663,"href":"http:\/\/www.cinkanlar.com\/en\/wp-json\/wp\/v2\/pages\/2288\/revisions\/9663"}],"wp:attachment":[{"href":"http:\/\/www.cinkanlar.com\/en\/wp-json\/wp\/v2\/media?parent=2288"}],"curies":[{"name":"wp","href":"https:\/\/api.w.org\/{rel}","templated":true}]}}