{"id":1339,"date":"2017-10-16T13:54:07","date_gmt":"2017-10-16T13:54:07","guid":{"rendered":"http:\/\/ninzio.com\/bauer\/?page_id=1339"},"modified":"2022-01-31T17:55:49","modified_gmt":"2022-01-31T14:55:49","slug":"bize-ulasin","status":"publish","type":"page","link":"http:\/\/www.cinkanlar.com\/en\/bize-ulasin\/","title":{"rendered":"Contact Us"},"content":{"rendered":"<p>[vc_row el_class=&#8221;has-scroll-arrow&#8221; css=&#8221;.vc_custom_1558796589780{background-image: url(http:\/\/ninzio.com\/bauer\/wp-content\/uploads\/2019\/05\/section-bg2-4.jpg?id=8970) !important;background-position: center !important;background-repeat: no-repeat !important;background-size: cover !important;}&#8221;][vc_column]\r\n\t<div class=\"bauer-spacer clearfix\" data-desktop=\"94\" data-mobi=\"60\" data-smobi=\"60\"><\/div><div class=\"bauer-single-heading clearfix text-center\" style=\"margin-bottom:25px;\"><span class=\"inner\"><span class=\"heading clearfix \" style=\"font-weight:600;color:#cacaca;font-size:16px;\">\r\n\t\t\u00c7\u0130NKANLAR K\u0130MYEV\u0130 MAD. T\u0130C. ve SAN. A.\u015e.\r\n\t<\/span><\/span><\/div><h2 class=\"bauer-text clearfix text-center\" style=\"font-size:42px;line-height:50px;margin-bottom:30px;max-width:730px;margin-left: auto; margin-right: auto;\"><p><span class=\"font-weight-300\">Contact <\/span>Us<\/p>\n<\/h2>\r\n\t<div class=\"bauer-spacer clearfix\" data-desktop=\"50\" data-mobi=\"60\" data-smobi=\"60\"><\/div>[vc_row_inner][vc_column_inner width=&#8221;1\/2&#8243;][vc_column_text]<iframe loading=\"lazy\" width=\"100%\" height=\"300\" style=\"border: 0;\" src=\"https:\/\/www.google.com\/maps\/embed?pb=!1m18!1m12!1m3!1d3124.305978767693!2d27.39684811533746!3d38.45749677964086!2m3!1f0!2f0!3f0!3m2!1i1024!2i768!4f13.1!3m3!1m2!1s0x14b97ce0470a4577%3A0xb8f4de11a4c8a8a4!2zw4fEsE5LQU5MQVIgS8SwTVlFVsSwIE1BRC5UxLBDIFZFIFNBTiBBLsWeLg!5e0!3m2!1str!2str!4v1619609100163!5m2!1str!2str\" frameborder=\"0\" allowfullscreen=\"allowfullscreen\"><\/iframe>[\/vc_column_text][\/vc_column_inner][vc_column_inner width=&#8221;1\/2&#8243;][vc_column_text]<\/p>\n<h4 class=\"baslik2\">\u00c7\u0130NKANLAR K\u0130MYEV\u0130 MAD. T\u0130C. ve SAN. A.\u015e.<\/h4>\n<div class=\"yazi\">\n<p><strong>Address :<\/strong>\u00a0K.O.S.B. Mah. \u0130zmir Ank. Asf. No:328\/5 (Ans\u0131zca) &#8211; Kemalpa\u015fa \/ \u0130ZM\u0130R<\/p>\n<p><strong>Phone :<\/strong><span>\u00a0<\/span>+90 232 878 33 33 | +90 232 878 88 71<\/p>\n<p><strong>Fax \u00a0 \u00a0 :<\/strong><span>\u00a0<\/span>+90 232 878 81 18<\/p>\n<p><strong>Mail \u00a0 \u00a0 \u00a0 :<\/strong>\u00a0info@cinkanlar.com<\/p>\n<\/div>\n<p>[\/vc_column_text][\/vc_column_inner][\/vc_row_inner][vc_separator border_width=&#8221;2&#8243; css=&#8221;.vc_custom_1619430489533{margin-top: 30px !important;margin-bottom: 30px !important;}&#8221;][vc_row_inner][vc_column_inner width=&#8221;1\/2&#8243;][vc_column_text]<iframe loading=\"lazy\" width=\"100%\" height=\"300\" style=\"padding: 2px; border: 1px solid #ccc;\" src=\"https:\/\/www.google.com\/maps\/embed?pb=!1m14!1m8!1m3!1d376.97196190809166!2d29.38820472146869!3d40.898734959537656!3m2!1i1024!2i768!4f13.1!3m3!1m2!1s0x14cad840ac1b119b%3A0x62ce7b4f824162f!2s%C4%B0stanbul%20Boye%20Ve%20Vernik%C3%A7iler%20Toplu%20%C4%B0%C5%9Fyeri%20Sanayi%20Sitesi!5e0!3m2!1str!2str!4v1619609247273!5m2!1str!2str\"><\/iframe>[\/vc_column_text][\/vc_column_inner][vc_column_inner width=&#8221;1\/2&#8243;][vc_column_text]<\/p>\n<h4 class=\"baslik2\">\u00c7\u0130NKANLAR K\u0130MYEV\u0130 MAD. T\u0130C. ve SAN. A.\u015e. | \u0130STANBUL<\/h4>\n<div class=\"yazi\">\n<p><strong>Address :<\/strong><span>\u00a0<\/span>\u0130stanbul Boya Vernik\u00e7ileri San. Sit. No:52 Tepe\u00f6ren &#8211; Tuzla \/ \u0130STANBUL<\/p>\n<p><strong>Phone :<\/strong><span>\u00a0<\/span>+90 216 304 01 06<\/p>\n<p><strong>GSM :<\/strong><span>\u00a0<\/span>+90 554 857 89 03<\/p>\n<\/div>\n<p>[\/vc_column_text][\/vc_column_inner][\/vc_row_inner][vc_separator border_width=&#8221;2&#8243; css=&#8221;.vc_custom_1619430489533{margin-top: 30px !important;margin-bottom: 30px !important;}&#8221;][vc_custom_heading text=&#8221;GRUP \u015e\u0130RKETLER\u0130M\u0130Z&#8221; font_container=&#8221;tag:h4|text_align:center&#8221; use_theme_fonts=&#8221;yes&#8221;][vc_row_inner][vc_column_inner width=&#8221;1\/2&#8243;][vc_column_text]<\/p>\n<div class=\"row iletisim\">\n<div class=\"col-md-6\"><iframe loading=\"lazy\" width=\"100%\" height=\"250\" src=\"https:\/\/www.google.com\/maps\/embed?pb=!1m18!1m12!1m3!1d3124.305978767693!2d27.39684811533746!3d38.45749677964086!2m3!1f0!2f0!3f0!3m2!1i1024!2i768!4f13.1!3m3!1m2!1s0x14b97ce0470a4577%3A0xb8f4de11a4c8a8a4!2zw4fEsE5LQU5MQVIgS8SwTVlFVsSwIE1BRC5UxLBDIFZFIFNBTiBBLsWeLg!5e0!3m2!1str!2str!4v1619609100163!5m2!1str!2str\" data-mce-fragment=\"1\"><\/iframe><\/div>\n<div class=\"col-md-6\">\n<h4 class=\"baslik2\">GRUP BOYA VE K\u0130MYA SAN. T\u0130C. A.\u015e.<\/h4>\n<p><strong>Address :<\/strong>\u00a0K.O.S.B. Mah. \u0130zmir Ank. Asf. No:328\/1 (Ans\u0131zca) &#8211; Kemalpa\u015fa \/ \u0130zmir<\/p>\n<p><strong>Phone :<\/strong><span>\u00a0<\/span>+90 232 878 33 33<\/p>\n<p><strong>Fax :<span>\u00a0<\/span><\/strong>+90\u00a00 232 878 81 18<\/p>\n<p><strong>Mail :<\/strong>\u00a0info@grupboya.com<\/p>\n<p>&nbsp;<\/p>\n<\/div>\n<\/div>\n<p>[\/vc_column_text][\/vc_column_inner][vc_column_inner width=&#8221;1\/2&#8243;][vc_column_text]<\/p>\n<div class=\"row iletisim\"><\/div>\n<div class=\"row iletisim\">\n<div class=\"col-md-6\"><iframe loading=\"lazy\" width=\"100%\" height=\"250\" src=\"https:\/\/www.google.com\/maps\/embed?pb=!1m18!1m12!1m3!1d3123.5308352944307!2d27.60643861533803!3d38.47539137963787!2m3!1f0!2f0!3f0!3m2!1i1024!2i768!4f13.1!3m3!1m2!1s0x0%3A0x0!2zMzjCsDI4JzMxLjQiTiAyN8KwMzYnMzEuMSJF!5e0!3m2!1str!2str!4v1619609187759!5m2!1str!2str\" data-mce-fragment=\"1\"><\/iframe><\/div>\n<div class=\"col-md-6\">\n<h4 class=\"baslik2\">PPC BOYA K\u0130MYA SAN. ve T\u0130C. A.\u015e.<\/h4>\n<div class=\"yazi\">\n<p><strong>Address :<\/strong> Sar\u0131 ceviz k\u00fcme evleri Yeni mahalle No:3\/2 Kemalpa\u015fa\/\u0130ZM\u0130R<\/p>\n<p><strong>Phone :<\/strong>\u00a0+90 232 878 43 33<\/p>\n<p><strong>Fax \u00a0 \u00a0 \u00a0 \u00a0:<\/strong>\u00a0+90 232 878 43 34<\/p>\n<p><strong>Mail\u00a0 \u00a0 \u00a0 \u00a0:<\/strong> <a href=\"mailto:info@ppcpaint.com\" target=\"_blank\" rel=\"noopener noreferrer\">info@ppcpaint.com<\/a><\/p>\n<\/div>\n<p>&nbsp;<\/p>\n<\/div>\n<\/div>\n<div class=\"row iletisim\">\n<div class=\"col-md-6\"><iframe loading=\"lazy\" width=\"100%\" height=\"250\" src=\"https:\/\/www.google.com\/maps\/embed?pb=!1m18!1m12!1m3!1d3124.305978767693!2d27.39684811533746!3d38.45749677964086!2m3!1f0!2f0!3f0!3m2!1i1024!2i768!4f13.1!3m3!1m2!1s0x14b97ce0470a4577%3A0xb8f4de11a4c8a8a4!2zw4fEsE5LQU5MQVIgS8SwTVlFVsSwIE1BRC5UxLBDIFZFIFNBTiBBLsWeLg!5e0!3m2!1str!2str!4v1619609100163!5m2!1str!2str\" data-mce-fragment=\"1\"><\/iframe><\/div>\n<div class=\"col-md-6\">\n<h4 class=\"baslik2\">PAGEM GER\u0130 KAZANIM SANAY\u0130 VE T\u0130CARET RECA\u0130 C\u0130NKAN<\/h4>\n<div class=\"yazi\">\n<p><strong>Address : <\/strong><span>Ans\u0131zcak\u00f6y\u00fc Akkoca Mevkii Ankara Asfalt\u0131 25. Km &#8211; Kemalpa\u015fa \/ \u0130zmir<\/span><\/p>\n<p><strong>Phone :<\/strong>\u00a0+90\u00a0232 878 71 11<\/p>\n<p><strong>Fax \u00a0 \u00a0 \u00a0 \u00a0:<\/strong>\u00a0+90 232 878 77 22<\/p>\n<p><strong>Mail\u00a0 \u00a0 \u00a0 \u00a0:<\/strong> <a href=\"mailto:info@pagem.com.tr\" target=\"_blank\" rel=\"noopener noreferrer\">muhasebe@pagem.com.tr<\/a><\/p>\n<\/div>\n<\/div>\n<\/div>\n<p>[\/vc_column_text][\/vc_column_inner][\/vc_row_inner]\r\n\t<div class=\"bauer-spacer clearfix\" data-desktop=\"94\" data-mobi=\"60\" data-smobi=\"60\"><\/div>[\/vc_column][\/vc_row][vc_row disable_element=&#8221;yes&#8221; css=&#8221;.vc_custom_1619430627220{background-image: url(http:\/\/ninzio.com\/bauer\/wp-content\/uploads\/2019\/05\/section-bg3-2.jpg?id=8969) !important;background-position: center !important;background-repeat: no-repeat !important;background-size: cover !important;}&#8221;][vc_column]\r\n\t<div class=\"bauer-spacer clearfix\" data-desktop=\"100\" data-mobi=\"60\" data-smobi=\"60\"><\/div>[vc_row_inner column_inner_spacing=&#8221;100&#8243;][vc_column_inner width=&#8221;1\/2&#8243;]<div class=\"bauer-content-box clearfix \" data-padding=\"47px 50px 94px 50px\" data-mobipadding=\"40px\" data-margin=\"\" data-mobimargin=\"\" >\r\n\t\t<div class=\"inner ctb-963053907\" style=\"\"  data-background=\"rgba(3,15,39,0.6)\" data-rounded=\"5px\" data-border-color=\"rgba(231,231,231,0.3)\" data-border-width=\"1px\">\r\n\t\t\t<h2 class=\"bauer-text clearfix \" style=\"font-size:42px;color:#f2f2f2;margin-bottom:8px;\"><p><span class=\"font-weight-300\">\u0130leti\u015fim<\/span> Bilgileri<\/p>\n<\/h2><div class=\"bauer-text clearfix \" style=\"color:#f2f2f2;margin-bottom:25px;\"><\/div><div class=\"bauer-grid-box clearfix grid2 border-light v-30 h-25 no-borders\" data-grid=\"2\" >\r\n\t\t<div class=\"bauer-text clearfix \" style=\"color:#f2f2f2;\"><p><span class=\"font-weight-500 text-white\">Adresimiz<\/span><br \/>\n<span style=\"color: #8a99c0;\">Mersinli Mah. 1202\/2 Sok. No:80\/0 Konak &#8211; \u0130ZM\u0130R<\/span><br \/>\n<span class=\"fas fa-map-marker-alt text-accent-color\" style=\"padding-right: 3px;\"><\/span> <span class=\"text-accent-color font-weight-600\"><a href=\"https:\/\/maps.google.com\/maps?ll=38.426946,27.172125&amp;z=14&amp;t=m&amp;hl=tr&amp;gl=TR&amp;mapclient=embed&amp;q=1202%2F2.%20Sk.%20No%3A80%20Mersinli%2035170%20Konak%2F%C4%B0zmir\" class=\"hover-white\">Haritada Bulun<\/a><\/span><\/p>\n<\/div><div class=\"bauer-text clearfix \" style=\"color:#f2f2f2;\"><p><span class=\"font-weight-500 text-white\">Telefon<\/span><br \/>\n<span class=\"fas fa-phone\" style=\"padding-right: 5px; color: #8a99c0;\"><\/span> <span class=\"font-weight-600\" style=\"color: #8a99c0;\">0232 449 10 35<\/span><\/p>\n<\/div><div class=\"bauer-text clearfix \" style=\"color:#f2f2f2;\"><p><span class=\"font-weight-500 text-white\">Mail Adresimiz<\/span><br \/>\n<span class=\"fas fa-envelope text-accent-color\" style=\"padding-right: 5px;\"><\/span> <span class=\"font-weight-600 text-accent-color\">info@www.cinkanlar.com<\/span><\/p>\n<\/div>\n\r\n\t<\/div>\r\n\t\t<\/div>\r\n\t<\/div>\r\n\t<div class=\"bauer-spacer clearfix\" data-desktop=\"0\" data-mobi=\"40\" data-smobi=\"40\"><\/div>[\/vc_column_inner][vc_column_inner width=&#8221;1\/2&#8243;]<div class=\"bauer-content-box clearfix \" data-padding=\"53px 35px 60px 35px\" data-mobipadding=\"50px 35px 50px 35px\" data-margin=\"\" data-mobimargin=\"\" >\r\n\t\t<div class=\"inner ctb-1412701554\" style=\"\"  data-background=\"#f7f9fa\" data-rounded=\"5px\" data-border-width=\"1px\">\r\n\t\t\t<div class=\"bauer-headings clearfix text-center\" data-font=22 style=\"\"><h2 class=\"heading clearfix \" style=\"margin-bottom:15px;font-size:22px;\">\r\n\t\t\u0130leti\u015fim Formu\r\n\t<\/h2><\/div>\r\n\t<div class=\"bauer-spacer clearfix\" data-desktop=\"32\" data-mobi=\"32\" data-smobi=\"32\"><\/div><div role=\"form\" class=\"wpcf7\" id=\"wpcf7-f4437-o2\" lang=\"en-US\" dir=\"ltr\">\n<div class=\"screen-reader-response\"><p role=\"status\" aria-live=\"polite\" aria-atomic=\"true\"><\/p> <ul><\/ul><\/div>\n<form action=\"\/en\/wp-json\/wp\/v2\/pages\/1339#wpcf7-f4437-o2\" method=\"post\" class=\"wpcf7-form init\" novalidate=\"novalidate\" data-status=\"init\">\n<div style=\"display: none;\">\n<input type=\"hidden\" name=\"_wpcf7\" value=\"4437\" \/>\n<input type=\"hidden\" name=\"_wpcf7_version\" value=\"5.3.2\" \/>\n<input type=\"hidden\" name=\"_wpcf7_locale\" value=\"en_US\" \/>\n<input type=\"hidden\" name=\"_wpcf7_unit_tag\" value=\"wpcf7-f4437-o2\" \/>\n<input type=\"hidden\" name=\"_wpcf7_container_post\" value=\"0\" \/>\n<input type=\"hidden\" name=\"_wpcf7_posted_data_hash\" value=\"\" \/>\n<\/div>\n<div class=\"cf7-style-1\">\n<div class=\"name-wrap\"><span class=\"wpcf7-form-control-wrap your-name\"><input type=\"text\" name=\"your-name\" value=\"\" size=\"40\" class=\"wpcf7-form-control wpcf7-text wpcf7-validates-as-required\" aria-required=\"true\" aria-invalid=\"false\" placeholder=\"\u0130sim Soyisim\" \/><\/span><\/div>\n<div class=\"email-wrap\"><span class=\"wpcf7-form-control-wrap your-email\"><input type=\"email\" name=\"your-email\" value=\"\" size=\"40\" class=\"wpcf7-form-control wpcf7-text wpcf7-email wpcf7-validates-as-required wpcf7-validates-as-email\" aria-required=\"true\" aria-invalid=\"false\" placeholder=\"E-Posta\" \/><\/span><\/div>\n<div class=\"message-wrap\"><span class=\"wpcf7-form-control-wrap your-message\"><textarea name=\"your-message\" cols=\"40\" rows=\"10\" class=\"wpcf7-form-control wpcf7-textarea\" aria-invalid=\"false\" placeholder=\"Mesaj\u0131n\u0131z\"><\/textarea><\/span><\/div>\n<div class=\"submit-wrap\"><span><input type=\"submit\" value=\"FORMU G\u00d6NDER\" class=\"wpcf7-form-control wpcf7-submit\" \/><\/span><\/div>\n<\/div>\n<div class=\"wpcf7-response-output\" aria-hidden=\"true\"><\/div><\/form><\/div>\r\n\t\t<\/div>\r\n\t<\/div>[\/vc_column_inner][\/vc_row_inner]\r\n\t<div class=\"bauer-spacer clearfix\" data-desktop=\"100\" data-mobi=\"60\" data-smobi=\"60\"><\/div>[\/vc_column][\/vc_row]<\/p>","protected":false},"excerpt":{"rendered":"<p>[vc_row el_class=&#8221;has-scroll-arrow&#8221; css=&#8221;.vc_custom_1558796589780{background-image: url(http:\/\/ninzio.com\/bauer\/wp-content\/uploads\/2019\/05\/section-bg2-4.jpg?id=8970) !important;background-position: center !important;background-repeat: no-repeat !important;background-size: cover !important;}&#8221;][vc_column][vc_row_inner][vc_column_inner width=&#8221;1\/2&#8243;][vc_column_text][\/vc_column_text][\/vc_column_inner][vc_column_inner width=&#8221;1\/2&#8243;][vc_column_text] \u00c7\u0130NKANLAR K\u0130MYEV\u0130 MAD. T\u0130C. ve SAN. A.\u015e.<\/p>\n","protected":false},"author":1,"featured_media":0,"parent":0,"menu_order":0,"comment_status":"closed","ping_status":"closed","template":"","meta":[],"_links":{"self":[{"href":"http:\/\/www.cinkanlar.com\/en\/wp-json\/wp\/v2\/pages\/1339"}],"collection":[{"href":"http:\/\/www.cinkanlar.com\/en\/wp-json\/wp\/v2\/pages"}],"about":[{"href":"http:\/\/www.cinkanlar.com\/en\/wp-json\/wp\/v2\/types\/page"}],"author":[{"embeddable":true,"href":"http:\/\/www.cinkanlar.com\/en\/wp-json\/wp\/v2\/users\/1"}],"replies":[{"embeddable":true,"href":"http:\/\/www.cinkanlar.com\/en\/wp-json\/wp\/v2\/comments?post=1339"}],"version-history":[{"count":11,"href":"http:\/\/www.cinkanlar.com\/en\/wp-json\/wp\/v2\/pages\/1339\/revisions"}],"predecessor-version":[{"id":9666,"href":"http:\/\/www.cinkanlar.com\/en\/wp-json\/wp\/v2\/pages\/1339\/revisions\/9666"}],"wp:attachment":[{"href":"http:\/\/www.cinkanlar.com\/en\/wp-json\/wp\/v2\/media?parent=1339"}],"curies":[{"name":"wp","href":"https:\/\/api.w.org\/{rel}","templated":true}]}}